{"id":2186,"date":"2019-07-05T15:54:41","date_gmt":"2019-07-05T13:54:41","guid":{"rendered":"http:\/\/vella.supportgirona.cat\/en\/?page_id=2186"},"modified":"2019-07-05T18:47:18","modified_gmt":"2019-07-05T16:47:18","slug":"international-activities","status":"publish","type":"page","link":"https:\/\/vella.supportgirona.cat\/en\/international-activities\/","title":{"rendered":"Activities"},"content":{"rendered":"<h1>Main International Events<\/h1>\n<p>&nbsp;<\/p>\n<p><strong>2018<\/strong><\/p>\n<ul>\n<li><strong>11<sup>th<\/sup> January 2018 in Brussels (Belgium)<\/strong>. Start of the ERASMUS + TopHouse Project.<\/li>\n<li><strong>18<sup>th<\/sup> to 19<sup>th<\/sup> January 2018 in Girona (Catalonia)<\/strong>. Start of the ERASMUS + I-Decide Project.<\/li>\n<li><strong>22<sup>nd<\/sup> January 2018 in Montauban (France)<\/strong>. Meeting with UDAF to agree on the presentation &amp; consolidation of the partnership for a new Erasmus+ Project initially called AC_COMPAGNONS.<\/li>\n<li><strong>21<sup>st<\/sup> to 23<sup>rd<\/sup> February 2018 in Vienna (Austria)<\/strong>. Zero-Project Conference 2018 on Innovative Practice and Policies for Persons with Disabilities.<\/li>\n<li><strong>30<sup>th<\/sup> March 2018 in Paris (France)<\/strong>. Meeting at the UDAF\/UNAF headquarters. Presentation, at the French national level, of the Fundaci\u00f3n Tutelar de les Comarques Gironines and its action regarding the adaptation of the UNCRPD and the parallel study on Social Return On Investment (Campus Arnau d\u2019Escala).<\/li>\n<li><strong>14<sup>th<\/sup> to 15<sup>th<\/sup> May 2018 in Geneva (Switzerland)<\/strong>. Seminar on the reduction of involuntary interventions in mental health services at United Nations.<\/li>\n<li><strong>4<sup>th<\/sup> to 6<sup>th<\/sup> October 2018 in Barcelona (Catalonia)<\/strong>. EASPD Conference in Barcelona \u201c&#8221;<em>Technology and digitalization in the social care sector: the impact on education, employment and independent living&#8221;.<\/em> FTCG co-organizes in close coordination with Plataforma Educativa, CONACEE, Fundaci\u00f3 Ram\u00f3n Noguera and SOM Fundaci\u00f3.<\/li>\n<li><strong>25<sup>th<\/sup> to 27<sup>th<\/sup> October 2018 in Seoul (South Korea)<\/strong>. V World Congress on Adult Guardianship.<\/li>\n<\/ul>\n<p><strong>2017<\/strong><\/p>\n<ul>\n<li><strong>14<sup>th<\/sup> to 16<sup>th<\/sup> June 2017 in Belfast (Ireland)<\/strong> Participation in the <strong>1<sup>st<\/sup> World Congress of Work with Support &amp; Supported Employment,<\/strong> presenting, along with Plataforma Educativa and Fundaci\u00f3 Ram\u00f3n Noguera the paper <em>&#8220;Sheltered Employment; Threats and Challenges in Changing Socio-Economic Environment &#8220;.<\/em><\/li>\n<li><strong>July 4<sup>th<\/sup>, 2017<\/strong>. Meeting at the UDAF of the Department of Aude, Carcassonne and other Guardianship institutions of the Occitan Region.<\/li>\n<li><strong>5<sup>th <\/sup>to 6<sup>th <\/sup>October 2017 in Barcelona (Catalonia)<\/strong>. Integrated Day and Inclusive Societies. B-Debate. With Guttmann Institute. Cosmocaixa.<\/li>\n<li><strong>9<sup>th <\/sup>October 2017 in Girona (Catalonia). <\/strong>Social circle organized by the Foundation with some of our supported persons with Mr. Facundo Ch\u00e1vez, Human Rights Watch and Disability Advisor at the Office of the High Commissioner for Human Rights.<\/li>\n<li><strong>12<sup>th <\/sup>and 13<sup>th<\/sup> October 2017 in Tallin (Estonia).<\/strong> Conference &#8220;Dignity + Independent living = DI&#8221;. European Social Fundation.<\/li>\n<li><strong>26<sup>th <\/sup>to 27<sup>th <\/sup>October 2017 \u2013 Podgorica (Montenegro)<\/strong>. Participation in the EASPD Conference while also co-presenting alongside with Jordi Cid from (IAS)<em>&#8220;Deinstitutionalization: the Girona Experience\u201d<\/em><\/li>\n<li><strong>5<sup>th<\/sup> December 2017<\/strong>. UDAF from Occitan Region meeting in FTCG headquarters.<\/li>\n<li><strong>18<sup>th<\/sup> to 20<sup>th <\/sup>December 2017.<\/strong><strong> Conf\u00e9rence scientifique et citoyenne. <\/strong><strong>Confcap 2017. Paris.<\/strong> We co-present two case studies, together with UDAF Toulouse and Tane et Garonne, in order to share the different approaches in SDM.<\/li>\n<\/ul>\n<p>&nbsp;<\/p>\n<p><strong>A bit of history: The beginnings <\/strong><\/p>\n<p>International participation increases in activity since May 2014 when participating actively in the <strong>III World Congress on Adult Guardianship<\/strong> &#8220;Promising practice to ensure Excellence in Guardianship Around the World&#8221; organized by the International Guardianship Network in the city of <strong>Arlington, Virginia ( USA)<\/strong>, where we presented the paper &#8220;Too much is restricting; too little is abandoning: seeking a correct guardianship intervention &#8220;, in collaboration with Campus Arnau d&#8217;Escala Foundation (an ethical observatory applied to social intervention), focusing on the ethical challenges arising from the change that the Convention entails in matters of guardianship.<\/p>\n<p>Since then, we have attended and participated as speakers in congresses and international conferences and events, joining the European platform <strong>EASPD<\/strong>, an association representing about 15,000 European organizations. The participation of the Foundation in projects in collaboration with EASPD is extensive and focused on finding strategies to apply the Convention of the Rights of the People with Disabilities (UNCRPD), axis of the international debate in matter of disability, with great implications that affect both European and national legal frameworks, professional practice and the social conception of disability at a global scale.\u00a0EASPD recognized, in 2015, <a href=\"http:\/\/www.easpd.eu\/en\/content\/new-easpd-publication-five-good-practices-support-services-and-independent-living\">the work of the Foundation identifying it as one of the five good practices of community-based support services for independent life.<\/a><\/p>\n<p>The Foundation has been part of the advisory board of the <strong>IV World Congress on Adult Guardianship<\/strong>, organized by the International Guardianship Network (Erkner, Berlin, September 2016), announcing the Catalan model of Institutions for the protection of the person as well as the steps our organisation has undertaken in adapting to the new paradigm in the light of the Convention on the Rights of Persons with Disabilities through the presentation of a poster and a video co-produced with PWD\u2019s that attests in first person the personal experiences of people whom we support in relation to the way the support is provided and has helped changing their lives, from situations of social exclusion and long institutionalization to a community context where they develop their lives independently.<\/p>\n<p>Aside from participating in the World Congress on Adult Guardianship, we highlight participation in the following events:<\/p>\n<ul>\n<li><strong>March 2016, in Strasbourg (France)<\/strong>. <strong>Round table at the European Court of Human Rights<\/strong> on Access to Justice for people with disabilities, in collaboration with EASPD and the AJuPID project.<\/li>\n<li><strong>March 2016, in Sofia (Bulgaria)<\/strong>, participation in the final phase of the AJuPiD project (Access to Justice for people with disabilities), which has analyzed the legal systems and best practices in terms of legal capacity and access to Justice of people with disabilities in five countries.<\/li>\n<li><strong>March 2016, Brussels (Belgium)<\/strong> Participation in the Political Conference on disability and organization of governing bodies.<\/li>\n<li><strong>April 2016 &#8211; Moldova<\/strong> Participation in the <a href=\"http:\/\/www.easpd.eu\/sites\/default\/files\/sites\/default\/files\/Conferences\/Chisinau\/project_development_workshop_2016_draft_programme.pdf\">&#8220;The Good, the Bad and the Ugly&#8221;<\/a> project development workshop and participation in the <a href=\"http:\/\/easpd.eu\/sites\/default\/files\/sites\/default\/files\/Conferences\/Chisinau\/moldova_conference_programme.pdf\">annual Conference organized by EASPD.<\/a><\/li>\n<li><strong>September 2012, September 2014<\/strong>: <strong>UDAF-FTCG Conference Series<\/strong>, Occitan region.<\/li>\n<li><strong>September 2016 in Budapest (Hungary)<\/strong> Participation in the &#8220;New Dimensions on Social Protection Towards Community Based Living&#8221; Technical Conference.<\/li>\n<li><strong>September 2016<\/strong>. Participation in the pilot project &#8220;Increasing our understanding of how we can improve the health of people living in vulnerable and isolated situations across Europe,&#8221; launched by the European Commission, <a href=\"http:\/\/ec.europa.eu\/health\/social_determinants\/projects\/ep_funded_projects_en.htm\">VulnerAble<\/a><\/li>\n<li><strong>October 2016 &#8211; Brussels (Belgium)<\/strong> Participation in the &#8220;Entelis&#8221; Seminar <em>&#8220;Technology for unlocking human potential: roadmaps for closing the digital divide for people with disabilities\u201d<\/em><\/li>\n<li><strong>October 2016 &#8211; Brussels (Belgium)<\/strong> Participation in the conference of the EASPD <em>&#8220;20 Years on the Road&#8221;<\/em><\/li>\n<\/ul>\n<p>&nbsp;<\/p>\n","protected":false},"excerpt":{"rendered":"<p>Main International Events &nbsp; 2018 11th January 2018 in Brussels (Belgium). Start of the ERASMUS + TopHouse Project. 18th to 19th January 2018 in Girona (Catalonia). Start of the ERASMUS + I-Decide Project. 22nd January 2018 in Montauban (France). Meeting with UDAF to agree on the presentation &amp; consolidation of the partnership for a new&hellip;<\/p>\n","protected":false},"author":2,"featured_media":0,"parent":0,"menu_order":0,"comment_status":"closed","ping_status":"closed","template":"","meta":[],"wps_subtitle":"","_links":{"self":[{"href":"https:\/\/vella.supportgirona.cat\/en\/wp-json\/wp\/v2\/pages\/2186"}],"collection":[{"href":"https:\/\/vella.supportgirona.cat\/en\/wp-json\/wp\/v2\/pages"}],"about":[{"href":"https:\/\/vella.supportgirona.cat\/en\/wp-json\/wp\/v2\/types\/page"}],"author":[{"embeddable":true,"href":"https:\/\/vella.supportgirona.cat\/en\/wp-json\/wp\/v2\/users\/2"}],"replies":[{"embeddable":true,"href":"https:\/\/vella.supportgirona.cat\/en\/wp-json\/wp\/v2\/comments?post=2186"}],"version-history":[{"count":7,"href":"https:\/\/vella.supportgirona.cat\/en\/wp-json\/wp\/v2\/pages\/2186\/revisions"}],"predecessor-version":[{"id":2207,"href":"https:\/\/vella.supportgirona.cat\/en\/wp-json\/wp\/v2\/pages\/2186\/revisions\/2207"}],"wp:attachment":[{"href":"https:\/\/vella.supportgirona.cat\/en\/wp-json\/wp\/v2\/media?parent=2186"}],"curies":[{"name":"wp","href":"https:\/\/api.w.org\/{rel}","templated":true}]}}